{"id":6114,"date":"2021-07-19T18:35:50","date_gmt":"2021-07-19T18:35:50","guid":{"rendered":"http:\/\/52.205.12.186\/?page_id=6114"},"modified":"2022-02-04T11:35:51","modified_gmt":"2022-02-04T11:35:51","slug":"our-approach","status":"publish","type":"page","link":"https:\/\/fluent.ai\/fr\/our-approach\/","title":{"rendered":"Notre approche"},"content":{"rendered":"<section id=\"tm-section-69eb84ced890e\" data-vc-full-width=\"true\" data-vc-full-width-init=\"false\" class=\"vc_section\"><div id=\"tm-row-69eb84ced91e8\" class=\"vc_row vc_row-outer vc_row-fluid vc_row-o-content-middle vc_row-flex\"><div id=\"tm-column-69eb84ced9444\" class=\"wpb_column vc_column_container vc_col-sm-6\"><div class=\"vc_column-inner\"><div class=\"wpb_wrapper\">\n<div class=\"tm-heading  left tm-animation move-up\" id=\"tm-heading-69eb84ced9664\">\n\t<h1 class=\"heading\" style=\"\">Notre approche<\/h1><\/div>\n\n<div class=\"tm-spacer\" id=\"tm-spacer-69eb84ced9970\"><\/div>\n\n<div class=\"tm-heading  left tm-animation move-up\" id=\"tm-heading-69eb84ced9a26\">\n\t<h4 class=\"heading\" style=\"\">Fluent.ai est un leader de la reconnaissance vocale et des solutions d'interface utilisateur vocale.<\/h4><\/div>\n\n<\/div><\/div><\/div><div id=\"tm-column-69eb84ced9cfb\" class=\"wpb_column vc_column_container vc_col-sm-6\"><div class=\"vc_column-inner\"><div class=\"wpb_wrapper\"><div class=\"tm-spacer\" id=\"tm-spacer-69eb84ced9dd5\"><\/div>\n<div class=\"tm-spacer\" id=\"tm-spacer-69eb84ced9dfa\"><\/div>\n<\/div><\/div><\/div><\/div><\/section><div class=\"vc_row-full-width vc_clearfix\"><\/div><div id=\"tm-row-69eb84ced9ef8\" data-vc-full-width=\"true\" data-vc-full-width-init=\"false\" class=\"vc_row vc_row-outer vc_row-fluid\"><div id=\"tm-column-69eb84ceda03f\" class=\"wpb_column vc_column_container vc_col-sm-12\"><div class=\"vc_column-inner\"><div class=\"wpb_wrapper\">\n<div class=\"tm-heading  center tm-animation move-up\" id=\"tm-heading-69eb84ceda1a8\">\n\t<h3 class=\"heading\" style=\"\">Comment le fait-on?<\/h3><\/div>\n\n<div class=\"vc_separator wpb_content_element vc_separator_align_center vc_sep_width_20 vc_sep_border_width_5 vc_sep_pos_align_center vc_separator_no_text vc_sep_color_white\" ><span class=\"vc_sep_holder vc_sep_holder_l\"><span  class=\"vc_sep_line\"><\/span><\/span><span class=\"vc_sep_holder vc_sep_holder_r\"><span  class=\"vc_sep_line\"><\/span><\/span>\n<\/div><div class=\"tm-spacer\" id=\"tm-spacer-69eb84ceda591\"><\/div>\n\n<div class=\"tm-heading  left tm-animation move-up\" id=\"tm-heading-69eb84ceda631\">\n\t<h4 class=\"heading translation-block\" style=\"\">Bas\u00e9e <mark><b>sur plus d'une d\u00e9cennie de recherche<\/b><\/mark> en reconnaissance vocale et un solide portefeuille de brevets, la technologie de Fluent.ai est unique et in\u00e9gal\u00e9e.<\/h4><\/div>\n\n<div class=\"tm-spacer\" id=\"tm-spacer-69eb84ceda841\"><\/div>\n\n<div class=\"tm-heading  left tm-animation move-up\" id=\"tm-heading-69eb84ceda91c\">\n\t<h4 class=\"heading\" style=\"\">Les solutions traditionnelles de compr\u00e9hension de la parole fonctionnent en deux \u00e9tapes distinctes:<\/h4><\/div>\n\n<div class=\"tm-spacer\" id=\"tm-spacer-69eb84cedab84\"><\/div>\n<\/div><\/div><\/div><\/div><div class=\"vc_row-full-width vc_clearfix\"><\/div><div id=\"tm-row-69eb84cedac49\" data-vc-full-width=\"true\" data-vc-full-width-init=\"false\" class=\"vc_row vc_row-outer vc_row-fluid\"><div id=\"tm-column-69eb84cedada2\" class=\"wpb_column vc_column_container vc_col-sm-12\"><div class=\"vc_column-inner\"><div class=\"wpb_wrapper\">\n\n\t<div class=\"tm-list  style-manual-numbered-01 tm-animation move-up\" id=\"tm-list-69eb84cedaf09\">\n\t\t\t\t\t<div class=\"list-item\">\n\n\t\t\t\t<div class=\"list-header\">\n\t\t\t\t\t<div class=\"marker\">\n\n\t\t\t\t\t\t1.\n\t\t\t\t\t<\/div>\n\n\t\t\t\t\t<div class=\"title-wrap\">\n\t\t\t\t\t\t\t\t\t\t\t\t\t<h6 class=\"title\">\n\t\t\t\t\t\t\t\t\t\t\t\t\t\t\t\t\tLa parole est transcrite en texte dans le nuage.\n\t\t\t\t\t\t\t\t\t\n\t\t\t\t\t\t\t\t\t\t\t\t\t\t\t\t<\/h6>\n\t\t\t\t\t\t\n\t\t\t\t\t\t\t\t\t\t\t\t\t\t\t\t\t\t\t\t\t\t\t\t<\/div>\n\t\t\t\t<\/div>\n\n\t\t\t\t\n\t\t\t<\/div>\n\t\t\t\t\t<div class=\"list-item\">\n\n\t\t\t\t<div class=\"list-header\">\n\t\t\t\t\t<div class=\"marker\">\n\n\t\t\t\t\t\t2.\n\t\t\t\t\t<\/div>\n\n\t\t\t\t\t<div class=\"title-wrap\">\n\t\t\t\t\t\t\t\t\t\t\t\t\t<h6 class=\"title\">\n\t\t\t\t\t\t\t\t\t\t\t\t\t\t\t\t\tLe traitement du langage naturel est appliqu\u00e9 au texte pour d\u00e9terminer l'intention de l'utilisateur.\n\t\t\t\t\t\t\t\t\t\n\t\t\t\t\t\t\t\t\t\t\t\t\t\t\t\t<\/h6>\n\t\t\t\t\t\t\n\t\t\t\t\t\t\t\t\t\t\t\t\t\t\t\t\t\t\t\t\t\t\t\t<\/div>\n\t\t\t\t<\/div>\n\n\t\t\t\t\n\t\t\t<\/div>\n\t\t\t<\/div>\n\n\t<div class=\"tm-spacer\" id=\"tm-spacer-69eb84cedb167\"><\/div>\n\n<div class=\"tm-heading  left tm-animation move-up\" id=\"tm-heading-69eb84cedb235\">\n\t<h4 class=\"heading\" style=\"\"><mark><b>La technologie propri\u00e9taire \"speech-to-intent\" de Fluent.ai\u02bc fait directement correspondre la parole de l'utilisateur \u00e0 l'action souhait\u00e9e sans avoir besoin de transcription de la parole en texte et d'une connexion au cloud.<\/b><\/mark><\/h4><\/div>\n\n<div class=\"tm-spacer\" id=\"tm-spacer-69eb84cedb4b9\"><\/div>\n\n<div class=\"tm-heading  left tm-animation move-up\" id=\"tm-heading-69eb84cedb575\">\n\t<h4 class=\"heading\" style=\"\">Notre approche ind\u00e9pendante du texte nous permet de d\u00e9velopper des syst\u00e8mes de reconnaissance vocale pour n'importe quelle langue et n'importe quel accent, qui fonctionnent compl\u00e8tement hors ligne et fonctionnent avec pr\u00e9cision m\u00eame dans des environnements bruyants.<\/h4><\/div>\n\n<\/div><\/div><\/div><\/div><div class=\"vc_row-full-width vc_clearfix\"><\/div><section id=\"tm-section-69eb84cedb8ca\" data-vc-full-width=\"true\" data-vc-full-width-init=\"false\" class=\"vc_section\"><div id=\"tm-row-69eb84cedbcca\" data-vc-full-width=\"true\" data-vc-full-width-init=\"false\" class=\"vc_row vc_row-outer vc_row-fluid special vc_row-o-content-middle vc_row-flex\"><div id=\"tm-column-69eb84cedbe50\" class=\"wpb_column vc_column_container vc_col-sm-1\"><div class=\"vc_column-inner\"><div class=\"wpb_wrapper\"><\/div><\/div><\/div><div id=\"tm-column-69eb84cedbf44\" class=\"wpb_column vc_column_container vc_col-sm-10\"><div class=\"vc_column-inner\"><div class=\"wpb_wrapper\"><div class=\"tm-grid-wrapper tm-grid-group\" id=\"tm-grid-69eb84cedc0c1\"\n     data-item-wrap=\"1\"\n>\n\n\t<div class=\"tm-grid modern-grid has-animation move-up\">\n\t\t<div id=\"tm-row-inner-69eb84cedc238\" class=\"vc_row vc_inner vc_row-fluid\"><div id=\"tm-column-inner-69eb84cedc3b5\" class=\"wpb_column vc_column_container vc_col-sm-12\"><div class=\"vc_column-inner\"><div class=\"wpb_wrapper\">\n<div class=\"tm-heading  left\" id=\"tm-heading-69eb84cedc525\">\n\t<h3 class=\"heading\" style=\"\">L'Approche Fluent.ai<\/h3><\/div>\n\n<div class=\"tm-image\" id=\"tm-image-69eb84cedc750\">\n\t\t\t<div class=\"image\"><img decoding=\"async\" src=\"https:\/\/fluent.ai\/wp-content\/uploads\/2021\/09\/ARM-graphics-2-e1630483295202.png\" alt=\"ARM-graphics-2-e1630483295202\" \/><\/div>\t<\/div>\n<div class=\"vc_separator wpb_content_element vc_separator_align_center vc_sep_width_100 vc_sep_border_width_3 vc_sep_pos_align_center vc_separator_no_text\" ><span class=\"vc_sep_holder vc_sep_holder_l\"><span  style=\"border-color:#0057bb;\" class=\"vc_sep_line\"><\/span><\/span><span class=\"vc_sep_holder vc_sep_holder_r\"><span  style=\"border-color:#0057bb;\" class=\"vc_sep_line\"><\/span><\/span>\n<\/div><div class=\"tm-spacer\" id=\"tm-spacer-69eb84cedca36\"><\/div>\n\n<div class=\"tm-heading  left\" id=\"tm-heading-69eb84cedcace\">\n\t<h3 class=\"heading\" style=\"\">L'Approche conventionelle<\/h3><\/div>\n\n<div class=\"tm-image\" id=\"tm-image-69eb84cedccf5\">\n\t\t\t<div class=\"image\"><img decoding=\"async\" src=\"https:\/\/fluent.ai\/wp-content\/uploads\/2021\/07\/ARM-graphics-1-e1630483359104.png\" alt=\"ARM-graphics-1\" \/><\/div>\t<\/div>\n<\/div><\/div><\/div><\/div>\t<\/div>\n\n<\/div>\n\n\n<\/div><\/div><\/div><div id=\"tm-column-69eb84cedcef8\" class=\"wpb_column vc_column_container vc_col-sm-12\"><div class=\"vc_column-inner\"><div class=\"wpb_wrapper\"><div class=\"tm-spacer\" id=\"tm-spacer-69eb84cedcff5\"><\/div>\n\n<div class=\"tm-heading  left tm-animation move-up\" id=\"tm-heading-69eb84cedd09b\">\n\t<h4 class=\"heading translation-block\" style=\"\">La technologie speech-to-intent de Fluent.ai utilise <strong>des algorithmes uniques de r\u00e9seaux neuronaux profonds<\/strong> pour mettre directement en correspondance le discours entrant d'un utilisateur avec l'action qu'il a l'intention de faire, sans avoir \u00e0 effectuer de transcription de la parole en texte.<\/h4><\/div>\n\n<div class=\"tm-spacer\" id=\"tm-spacer-69eb84cedd2d1\"><\/div>\n\n<div class=\"tm-heading  left tm-animation move-up\" id=\"tm-heading-69eb84cedd369\">\n\t<h4 class=\"heading\" style=\"\">La technologie de Fluent.ai apprend en associant directement les repr\u00e9sentations s\u00e9mantiques des actions pr\u00e9vues par un locuteur avec les \u00e9nonc\u00e9s parl\u00e9s. D'une certaine mani\u00e8re, nos mod\u00e8les sont bas\u00e9s sur le concept de vocabulaire et d'acquisition du langage chez les humains. Contrairement \u00e0 la reconnaissance automatique de la parole (ASR) conventionnelle, la technologie Fluent.ai ne n\u00e9cessite pas de transcription phon\u00e9tique. Notre approche ind\u00e9pendante du texte permet le d\u00e9veloppement de mod\u00e8les de compr\u00e9hension de la parole qui peuvent apprendre \u00e0 reconna\u00eetre une nouvelle langue \u00e0 partir d'une petite quantit\u00e9 de donn\u00e9es par rapport aux syst\u00e8mes bas\u00e9s sur le cloud, et permet aux utilisateurs finaux d'interagir avec leurs appareils d'une mani\u00e8re plus naturelle et intuitive.<\/h4><\/div>\n\n<\/div><\/div><\/div><\/div><div class=\"vc_row-full-width vc_clearfix\"><\/div><\/section><div class=\"vc_row-full-width vc_clearfix\"><\/div><div id=\"tm-row-69eb84cedd6bb\" data-vc-full-width=\"true\" data-vc-full-width-init=\"false\" class=\"vc_row vc_row-outer vc_row-fluid\"><div id=\"tm-column-69eb84cedd96d\" class=\"wpb_column vc_column_container vc_col-sm-12\"><div class=\"vc_column-inner\"><div class=\"wpb_wrapper\">\n<div class=\"tm-heading  center tm-animation move-up\" id=\"tm-heading-69eb84ceddac0\">\n\t<h3 class=\"heading\" style=\"\">Partners<\/h3><\/div>\n\n<div class=\"vc_separator wpb_content_element vc_separator_align_center vc_sep_width_20 vc_sep_border_width_5 vc_sep_pos_align_center vc_separator_no_text vc_sep_color_white\" ><span class=\"vc_sep_holder vc_sep_holder_l\"><span  class=\"vc_sep_line\"><\/span><\/span><span class=\"vc_sep_holder vc_sep_holder_r\"><span  class=\"vc_sep_line\"><\/span><\/span>\n<\/div><div class=\"tm-spacer\" id=\"tm-spacer-69eb84cedddd4\"><\/div>\n<div class=\"tm-client  style-carousel effect-move-up\" id=\"tm-client-69eb84cedde6f\">\n\t<div class=\"tm-swiper equal-height h-center v-center\"\n\t data-xs-items=\"2\" data-sm-items=\"3\" data-md-items=\"3\" data-lg-items=\"4\"\n\t\t\tdata-lg-gutter=\"30\"\n\t\n\t\t\tdata-autoplay=\"5000\"\n\t\n\t\t\tdata-loop=\"1\"\n\t\n\t\n\t\n\t>\n\t<div class=\"swiper-container\">\n\t\t<div class=\"swiper-wrapper\">\n\t\t\t\t\t\t\t<div class=\"swiper-slide\">\n\t\t\t\t\t\n\t\t\t\t\t<div class=\"inner\">\n\t\t\t\t\t\t<a href=\"https:\/\/www.xmos.ai\/\" target=\"_blank\">\t\t\t\t\t\t\t\t\t\t\t\t\t<div class=\"image\">\n\t\t\t\t\t\t\t\t\t\t\t\t\t\t\t\t<img decoding=\"async\" src=\"https:\/\/fluent.ai\/wp-content\/uploads\/2021\/07\/01.png\"\n\t\t\t\t\t\t\t\t     alt=\"Client Logo\"\/>\n\t\t\t\t\t\t\t<\/div>\n\t\t\t\t\t\t\t\t\t\t\t\t\t\t\t\t\t\t<\/a>\t\t\t\t\t<\/div>\n\t\t\t\t<\/div>\n\t\t\t\t\t\t\t<div class=\"swiper-slide\">\n\t\t\t\t\t\n\t\t\t\t\t<div class=\"inner\">\n\t\t\t\t\t\t<a href=\"https:\/\/w.dspconcepts.com\/\" target=\"_blank\">\t\t\t\t\t\t\t\t\t\t\t\t\t<div class=\"image\">\n\t\t\t\t\t\t\t\t\t\t\t\t\t\t\t\t<img decoding=\"async\" src=\"https:\/\/fluent.ai\/wp-content\/uploads\/2022\/02\/dsp.png\"\n\t\t\t\t\t\t\t\t     alt=\"Client Logo\"\/>\n\t\t\t\t\t\t\t<\/div>\n\t\t\t\t\t\t\t\t\t\t\t\t\t\t\t\t\t\t<\/a>\t\t\t\t\t<\/div>\n\t\t\t\t<\/div>\n\t\t\t\t\t\t\t<div class=\"swiper-slide\">\n\t\t\t\t\t\n\t\t\t\t\t<div class=\"inner\">\n\t\t\t\t\t\t<a href=\"https:\/\/www.ceva-dsp.com\/\" target=\"_blank\">\t\t\t\t\t\t\t\t\t\t\t\t\t<div class=\"image\">\n\t\t\t\t\t\t\t\t\t\t\t\t\t\t\t\t<img decoding=\"async\" src=\"https:\/\/fluent.ai\/wp-content\/uploads\/2021\/07\/03.png\"\n\t\t\t\t\t\t\t\t     alt=\"Client Logo\"\/>\n\t\t\t\t\t\t\t<\/div>\n\t\t\t\t\t\t\t\t\t\t\t\t\t\t\t\t\t\t<\/a>\t\t\t\t\t<\/div>\n\t\t\t\t<\/div>\n\t\t\t\t\t\t\t<div class=\"swiper-slide\">\n\t\t\t\t\t\n\t\t\t\t\t<div class=\"inner\">\n\t\t\t\t\t\t<a href=\"https:\/\/www.arm.com\/why-arm\/partner-ecosystem\/ai-ecosystem-catalog\/fluent-ai\" target=\"_blank\">\t\t\t\t\t\t\t\t\t\t\t\t\t<div class=\"image\">\n\t\t\t\t\t\t\t\t\t\t\t\t\t\t\t\t<img decoding=\"async\" src=\"https:\/\/fluent.ai\/wp-content\/uploads\/2021\/07\/04.png\"\n\t\t\t\t\t\t\t\t     alt=\"Client Logo\"\/>\n\t\t\t\t\t\t\t<\/div>\n\t\t\t\t\t\t\t\t\t\t\t\t\t\t\t\t\t\t<\/a>\t\t\t\t\t<\/div>\n\t\t\t\t<\/div>\n\t\t\t\t\t\t\t<div class=\"swiper-slide\">\n\t\t\t\t\t\n\t\t\t\t\t<div class=\"inner\">\n\t\t\t\t\t\t<a href=\"https:\/\/www.cadence.com\/en_US\/home.html\" target=\"_blank\">\t\t\t\t\t\t\t\t\t\t\t\t\t<div class=\"image\">\n\t\t\t\t\t\t\t\t\t\t\t\t\t\t\t\t<img decoding=\"async\" src=\"https:\/\/fluent.ai\/wp-content\/uploads\/2022\/02\/cadence.png\"\n\t\t\t\t\t\t\t\t     alt=\"Client Logo\"\/>\n\t\t\t\t\t\t\t<\/div>\n\t\t\t\t\t\t\t\t\t\t\t\t\t\t\t\t\t\t<\/a>\t\t\t\t\t<\/div>\n\t\t\t\t<\/div>\n\t\t\t\t\t\t\t<div class=\"swiper-slide\">\n\t\t\t\t\t\n\t\t\t\t\t<div class=\"inner\">\n\t\t\t\t\t\t<a href=\"http:\/\/www.knowles.com\" target=\"_blank\">\t\t\t\t\t\t\t\t\t\t\t\t\t<div class=\"image\">\n\t\t\t\t\t\t\t\t\t\t\t\t\t\t\t\t<img decoding=\"async\" src=\"https:\/\/fluent.ai\/wp-content\/uploads\/2022\/02\/knowles.png\"\n\t\t\t\t\t\t\t\t     alt=\"Client Logo\"\/>\n\t\t\t\t\t\t\t<\/div>\n\t\t\t\t\t\t\t\t\t\t\t\t\t\t\t\t\t\t<\/a>\t\t\t\t\t<\/div>\n\t\t\t\t<\/div>\n\t\t\t\t\t<\/div>\n\t<\/div>\n<\/div>\n<\/div>\n<div class=\"tm-spacer\" id=\"tm-spacer-69eb84cede37e\"><\/div>\n<\/div><\/div><\/div><\/div><div class=\"vc_row-full-width vc_clearfix\"><\/div><div id=\"tm-row-69eb84cede548\" class=\"vc_row vc_row-outer vc_row-fluid vc_row-o-content-middle vc_row-flex\"><div id=\"tm-column-69eb84cede68f\" class=\"wpb_column vc_column_container vc_col-sm-6\"><div class=\"vc_column-inner\"><div class=\"wpb_wrapper\">\n<div class=\"tm-heading  left tm-animation move-up\" id=\"tm-heading-69eb84cede833\">\n\t<h3 class=\"heading translation-block\" style=\"\">Am\u00e9liorez vos appareils avec le moteur d'IA vocale hors ligne, robuste et multilingue de Fluent.ai.<\/h3><\/div>\n\n<div class=\"tm-spacer\" id=\"tm-spacer-69eb84cedea77\"><\/div>\n<div class=\"tm-button-wrapper  tm-animation move-up\" id=\"tm-button-69eb84cedeb6c\">\n\t\t<a class=\"tm-button style-solid tm-button-nm tm-button-custom tm-button-icon-move\" href=\"\/fr\/contact\/\"\n\t\t\t>\n\n\t\t\n\t\t\t\t\t\t<span class=\"button-text\" data-text=\"Get started\">\n\t\t\t\tCommencer\t\t\t<\/span>\n\t\t\t\n\t\t\t\n\t\t\n\n\t<\/a>\n<\/div>\n<div class=\"tm-spacer\" id=\"tm-spacer-69eb84cedef6b\"><\/div>\n<\/div><\/div><\/div><div id=\"tm-column-69eb84cedefe6\" class=\"wpb_column vc_column_container vc_col-sm-6\"><div class=\"vc_column-inner\"><div class=\"wpb_wrapper\"><div class=\"tm-image  tm-animation move-up\" id=\"tm-image-69eb84cedf0e4\">\n\t\t\t<div class=\"image\"><img decoding=\"async\" src=\"https:\/\/fluent.ai\/wp-content\/uploads\/2019\/11\/cta2.png\" alt=\"cta2\" \/><\/div>\t<\/div>\n<\/div><\/div><\/div><\/div>","protected":false},"excerpt":{"rendered":"Our Approach Fluent.ai is a leader in edge-based speech recognition and voice user interface solutions. How do we do it? Based on over a decade of research in voice recognition and a strong portfolio of patents, Fluent.ai\u2019s technology is unique and unmatched. Traditional speech understanding solutions operate in two distinct steps: 1. Speech is transcribed into text in the cloud. 2. Natural language processing is applied to the text to determine the user\u02bcs intent. Fluent.ai\u02bcs proprietary \u201cspeech-to-intent\u201d technology directly maps a user\u02bcs speech to their desired action without the need for speech-to-text transcription and a cloud connection. Our text-independent approach enables us to develop speech recognition systems for any language and accent that run completely offline and work accurately even in noisy environments. Fluent.ai's Approach Conventional Approach Fluent.ai\u2019s speech-to-intent technology employs unique deep neural network algorithms to directly map the incoming speech of a user to their intended action without the need to perform speech to text transcription. Fluent.ai technology learns by directly associating semantic representations of a speaker\u2019s intended actions with the spoken utterances. In a way, our models are based on the concept of vocabulary and language acquisition in humans. Unlike conventional automatic speech recognition (ASR), Fluent.ai technology does not require phonetic transcription. Our text-independent approach enables the development of speech understanding models that can learn to recognize a new language from a small amount of data compared to cloud-based systems, and allows end users to interact with their devices in a more natural and intuitive way. Partners Enhance your devices with Fluent.ai's offline, robust and multilingual voice AI engine Get started","protected":false},"author":1,"featured_media":0,"parent":0,"menu_order":0,"comment_status":"closed","ping_status":"closed","template":"","meta":{"content-type":"","footnotes":""},"class_list":["post-6114","page","type-page","status-publish","hentry","post-no-thumbnail"],"yoast_head":"<!-- This site is optimized with the Yoast SEO plugin v27.4 - https:\/\/yoast.com\/product\/yoast-seo-wordpress\/ -->\n<title>Our Approach - Fluent.ai<\/title>\n<meta name=\"robots\" content=\"index, follow, max-snippet:-1, max-image-preview:large, max-video-preview:-1\" \/>\n<link rel=\"canonical\" href=\"https:\/\/fluent.ai\/fr\/our-approach\/\" \/>\n<meta property=\"og:locale\" content=\"fr_CA\" \/>\n<meta property=\"og:type\" content=\"article\" \/>\n<meta property=\"og:title\" content=\"Our Approach - Fluent.ai\" \/>\n<meta property=\"og:url\" content=\"https:\/\/fluent.ai\/fr\/our-approach\/\" \/>\n<meta property=\"og:site_name\" content=\"Fluent.ai\" \/>\n<meta property=\"article:modified_time\" content=\"2022-02-04T11:35:51+00:00\" \/>\n<meta name=\"twitter:card\" content=\"summary_large_image\" \/>\n<meta name=\"twitter:site\" content=\"@FluentAI\" \/>\n<meta name=\"twitter:label1\" content=\"Estimation du temps de lecture\" \/>\n\t<meta name=\"twitter:data1\" content=\"4 minutes\" \/>\n<script type=\"application\/ld+json\" class=\"yoast-schema-graph\">{\"@context\":\"https:\\\/\\\/schema.org\",\"@graph\":[{\"@type\":\"WebPage\",\"@id\":\"https:\\\/\\\/fluent.ai\\\/fr\\\/our-approach\\\/\",\"url\":\"https:\\\/\\\/fluent.ai\\\/fr\\\/our-approach\\\/\",\"name\":\"Our Approach - Fluent.ai\",\"isPartOf\":{\"@id\":\"https:\\\/\\\/fluent.ai\\\/#website\"},\"datePublished\":\"2021-07-19T18:35:50+00:00\",\"dateModified\":\"2022-02-04T11:35:51+00:00\",\"breadcrumb\":{\"@id\":\"https:\\\/\\\/fluent.ai\\\/fr\\\/our-approach\\\/#breadcrumb\"},\"inLanguage\":\"fr-CA\",\"potentialAction\":[{\"@type\":\"ReadAction\",\"target\":[\"https:\\\/\\\/fluent.ai\\\/fr\\\/our-approach\\\/\"]}]},{\"@type\":\"BreadcrumbList\",\"@id\":\"https:\\\/\\\/fluent.ai\\\/fr\\\/our-approach\\\/#breadcrumb\",\"itemListElement\":[{\"@type\":\"ListItem\",\"position\":1,\"name\":\"Home\",\"item\":\"https:\\\/\\\/fluent.ai\\\/fr\\\/\"},{\"@type\":\"ListItem\",\"position\":2,\"name\":\"Our Approach\"}]},{\"@type\":\"WebSite\",\"@id\":\"https:\\\/\\\/fluent.ai\\\/#website\",\"url\":\"https:\\\/\\\/fluent.ai\\\/\",\"name\":\"Fluent.ai\",\"description\":\"Voice Enabling The World&#039;s Devices\",\"potentialAction\":[{\"@type\":\"SearchAction\",\"target\":{\"@type\":\"EntryPoint\",\"urlTemplate\":\"https:\\\/\\\/fluent.ai\\\/?s={search_term_string}\"},\"query-input\":{\"@type\":\"PropertyValueSpecification\",\"valueRequired\":true,\"valueName\":\"search_term_string\"}}],\"inLanguage\":\"fr-CA\"}]}<\/script>\n<!-- \/ Yoast SEO plugin. -->","yoast_head_json":{"title":"Our Approach - Fluent.ai","robots":{"index":"index","follow":"follow","max-snippet":"max-snippet:-1","max-image-preview":"max-image-preview:large","max-video-preview":"max-video-preview:-1"},"canonical":"https:\/\/fluent.ai\/fr\/our-approach\/","og_locale":"fr_CA","og_type":"article","og_title":"Our Approach - Fluent.ai","og_url":"https:\/\/fluent.ai\/fr\/our-approach\/","og_site_name":"Fluent.ai","article_modified_time":"2022-02-04T11:35:51+00:00","twitter_card":"summary_large_image","twitter_site":"@FluentAI","twitter_misc":{"Estimation du temps de lecture":"4 minutes"},"schema":{"@context":"https:\/\/schema.org","@graph":[{"@type":"WebPage","@id":"https:\/\/fluent.ai\/fr\/our-approach\/","url":"https:\/\/fluent.ai\/fr\/our-approach\/","name":"Our Approach - Fluent.ai","isPartOf":{"@id":"https:\/\/fluent.ai\/#website"},"datePublished":"2021-07-19T18:35:50+00:00","dateModified":"2022-02-04T11:35:51+00:00","breadcrumb":{"@id":"https:\/\/fluent.ai\/fr\/our-approach\/#breadcrumb"},"inLanguage":"fr-CA","potentialAction":[{"@type":"ReadAction","target":["https:\/\/fluent.ai\/fr\/our-approach\/"]}]},{"@type":"BreadcrumbList","@id":"https:\/\/fluent.ai\/fr\/our-approach\/#breadcrumb","itemListElement":[{"@type":"ListItem","position":1,"name":"Home","item":"https:\/\/fluent.ai\/fr\/"},{"@type":"ListItem","position":2,"name":"Our Approach"}]},{"@type":"WebSite","@id":"https:\/\/fluent.ai\/#website","url":"https:\/\/fluent.ai\/","name":"Fluent.ai","description":"Voice Enabling The World&#039;s Devices","potentialAction":[{"@type":"SearchAction","target":{"@type":"EntryPoint","urlTemplate":"https:\/\/fluent.ai\/?s={search_term_string}"},"query-input":{"@type":"PropertyValueSpecification","valueRequired":true,"valueName":"search_term_string"}}],"inLanguage":"fr-CA"}]}},"_links":{"self":[{"href":"https:\/\/fluent.ai\/fr\/wp-json\/wp\/v2\/pages\/6114","targetHints":{"allow":["GET"]}}],"collection":[{"href":"https:\/\/fluent.ai\/fr\/wp-json\/wp\/v2\/pages"}],"about":[{"href":"https:\/\/fluent.ai\/fr\/wp-json\/wp\/v2\/types\/page"}],"author":[{"embeddable":true,"href":"https:\/\/fluent.ai\/fr\/wp-json\/wp\/v2\/users\/1"}],"replies":[{"embeddable":true,"href":"https:\/\/fluent.ai\/fr\/wp-json\/wp\/v2\/comments?post=6114"}],"version-history":[{"count":0,"href":"https:\/\/fluent.ai\/fr\/wp-json\/wp\/v2\/pages\/6114\/revisions"}],"wp:attachment":[{"href":"https:\/\/fluent.ai\/fr\/wp-json\/wp\/v2\/media?parent=6114"}],"curies":[{"name":"wp","href":"https:\/\/api.w.org\/{rel}","templated":true}]}}