{"id":5298,"date":"2020-01-02T05:25:32","date_gmt":"2020-01-02T05:25:32","guid":{"rendered":"http:\/\/20.186.34.190\/technology-copy\/"},"modified":"2021-09-24T17:45:07","modified_gmt":"2021-09-24T17:45:07","slug":"careers","status":"publish","type":"page","link":"https:\/\/fluent.ai\/fr\/careers\/","title":{"rendered":"Carri\u00e8res"},"content":{"rendered":"<section id=\"tm-section-6a07201f55676\" data-vc-full-width=\"true\" data-vc-full-width-init=\"false\" class=\"vc_section\"><div id=\"tm-row-6a07201f55a9c\" class=\"vc_row vc_row-outer vc_row-fluid vc_row-o-content-middle vc_row-flex\"><div id=\"tm-column-6a07201f55c5e\" class=\"wpb_column vc_column_container vc_col-sm-6\"><div class=\"vc_column-inner\"><div class=\"wpb_wrapper\">\n<div class=\"tm-heading  left tm-animation move-up\" id=\"tm-heading-6a07201f55e22\">\n\t<h1 class=\"heading\" style=\"\">Carri\u00e8res<\/h1><\/div>\n\n<div class=\"tm-spacer\" id=\"tm-spacer-6a07201f56122\"><\/div>\n\n<div class=\"tm-heading  left tm-animation move-up\" id=\"tm-heading-6a07201f561c5\">\n\t<h4 class=\"heading\" style=\"\">Aidez \u00e0 construire l'avenir de la reconnaissance vocale AI.<br \/>\nRejoignez notre \u00e9quipe !<\/h4><\/div>\n\n<\/div><\/div><\/div><div id=\"tm-column-6a07201f564b1\" class=\"wpb_column vc_column_container vc_col-sm-6\"><div class=\"vc_column-inner\"><div class=\"wpb_wrapper\"><div class=\"tm-spacer\" id=\"tm-spacer-6a07201f565ae\"><\/div>\n<div class=\"tm-spacer\" id=\"tm-spacer-6a07201f565d2\"><\/div>\n<\/div><\/div><\/div><\/div><\/section><div class=\"vc_row-full-width vc_clearfix\"><\/div><div id=\"tm-row-6a07201f5669e\" data-vc-full-width=\"true\" data-vc-full-width-init=\"false\" class=\"vc_row vc_row-outer vc_row-fluid\"><div id=\"tm-column-6a07201f56879\" class=\"wpb_column vc_column_container vc_col-sm-12\"><div class=\"vc_column-inner\"><div class=\"wpb_wrapper\">\n<div class=\"tm-heading  center tm-animation move-up\" id=\"tm-heading-6a07201f56a3e\">\n\t<h3 class=\"heading\" style=\"\">\u00c0 propos de Fluent.ai<\/h3><\/div>\n\n<div class=\"vc_separator wpb_content_element vc_separator_align_center vc_sep_width_20 vc_sep_border_width_5 vc_sep_pos_align_center vc_separator_no_text vc_sep_color_white\" ><span class=\"vc_sep_holder vc_sep_holder_l\"><span  class=\"vc_sep_line\"><\/span><\/span><span class=\"vc_sep_holder vc_sep_holder_r\"><span  class=\"vc_sep_line\"><\/span><\/span>\n<\/div><div class=\"tm-spacer\" id=\"tm-spacer-6a07201f56edc\"><\/div>\n\n<div class=\"tm-heading  left tm-animation move-up\" id=\"tm-heading-6a07201f56fc0\">\n\t<h4 class=\"heading\" style=\"\">Fluent.ai a \u00e9t\u00e9 fond\u00e9 en 2015 apr\u00e8s pr\u00e8s d'une d\u00e9cennie de recherche en reconnaissance vocale. Nous sommes une \u00e9quipe mondiale dont le si\u00e8ge social est situ\u00e9 \u00e0 Montr\u00e9al, au Canada. Chez Fluent.ai, vous rejoindrez une \u00e9quipe diversifi\u00e9e qui valorise l'innovation, la cr\u00e9ativit\u00e9, le travail acharn\u00e9, le plaisir et un environnement de travail ouvert et collaboratif.<\/h4><\/div>\n\n<div class=\"tm-spacer\" id=\"tm-spacer-6a07201f5724a\"><\/div>\n\n<div class=\"tm-heading  left tm-animation move-up\" id=\"tm-heading-6a07201f57327\">\n\t<h4 class=\"heading\" style=\"\">Vous voulez rejoindre notre \u00e9quipe diversifi\u00e9e ? Visitez notre page LinkedIn pour voir les postes ouverts.<\/h4><\/div>\n\n<div class=\"tm-spacer\" id=\"tm-spacer-6a07201f575a5\"><\/div>\n<div class=\"tm-button-wrapper  tm-animation move-up\" id=\"tm-button-6a07201f576b0\">\n\t\t<a class=\"tm-button style-solid tm-button-nm tm-button-custom tm-button-icon-move\" href=\"https:\/\/www.linkedin.com\/company\/fluentai\/jobs\/?viewAsMember=true\"\n\t\t\t>\n\n\t\t\n\t\t\t\t\t\t<span class=\"button-text\" data-text=\"Get started\">\n\t\t\t\tCommencer\t\t\t<\/span>\n\t\t\t\n\t\t\t\n\t\t\n\n\t<\/a>\n<\/div>\n\n\t<div class=\"wpb_text_column wpb_content_element  tm-animation move-up\" >\n\t\t<div class=\"wpb_wrapper\">\n\t\t\t<div class=\"indeedjobs-widget\" data-id=\"a4d24f63fb6ee1c11e78\" data-theme=\"light\" data-height=\"320\"><\/div>\n<p><script> (function(d, id) { if (d.getElementById(id)) return; var js = d.createElement('script'); js.id = id; js.src = 'https:\/\/www.indeedjobs.com\/widget.js';; d.head.appendChild(js); })(document, 'indeedjobs-js'); <\/script><\/p>\n\n\t\t<\/div>\n\t<\/div>\n<div class=\"tm-spacer\" id=\"tm-spacer-6a07201f57cd5\"><\/div>\n<\/div><\/div><\/div><\/div><div class=\"vc_row-full-width vc_clearfix\"><\/div><section id=\"tm-section-6a07201f57dae\" data-vc-full-width=\"true\" data-vc-full-width-init=\"false\" class=\"vc_section\"><div id=\"tm-row-6a07201f5821a\" data-vc-full-width=\"true\" data-vc-full-width-init=\"false\" class=\"vc_row vc_row-outer vc_row-fluid vc_row-o-content-middle vc_row-flex\"><div id=\"tm-column-6a07201f583b9\" class=\"wpb_column vc_column_container vc_col-sm-4\"><div class=\"vc_column-inner\"><div class=\"wpb_wrapper\">\n<div class=\"tm-heading  center tm-animation move-up\" id=\"tm-heading-6a07201f58539\">\n\t<h3 class=\"heading\" style=\"\">Voici nos valeurs<\/h3><\/div>\n\n<\/div><\/div><\/div><div id=\"tm-column-6a07201f587a7\" class=\"wpb_column vc_column_container vc_col-sm-8\"><div class=\"vc_column-inner\"><div class=\"wpb_wrapper\"><div class=\"tm-grid-wrapper tm-grid-group\" id=\"tm-grid-6a07201f588df\"\n     data-item-wrap=\"1\"\n>\n\n\t<div class=\"tm-grid modern-grid has-animation move-up\">\n\t\t<div class=\"tm-box-icon  align-left style-02 tm-animation move-up\" id=\"tm-box-icon-6a07201f589c3\">\n\t\n\t\n\t<div class=\"content-wrap\">\n\t\t\n\n<div class=\"content-inner\">\n\t\n\t<div class=\"content\">\n\t\t\t\t\t<h4 class=\"heading\">\n\t\t\t\t\n\t\t\t\t\tRespect et int\u00e9grit\u00e9\n\t\t\t\t\t\t\t\t<\/h4>\n\t\t\n\t\t\t\t\t<div class=\"text\">Nous pensons que les personnes sont au c\u0153ur de notre avantage concurrentiel et nous valorisons la diversit\u00e9 comme source de force et d'apprentissage.<\/div>\t\t\n\t\t\n\t\t\t\n\t\t\n\t<\/div>\n<\/div>\n\t<\/div>\n\n\t\n<\/div>\n<div class=\"tm-box-icon  align-left style-02 tm-animation move-up\" id=\"tm-box-icon-6a07201f58ce7\">\n\t\n\t\n\t<div class=\"content-wrap\">\n\t\t\n\n<div class=\"content-inner\">\n\t\n\t<div class=\"content\">\n\t\t\t\t\t<h4 class=\"heading\">\n\t\t\t\t\n\t\t\t\t\tTravail d'\u00e9quipe &amp; collaboration\n\t\t\t\t\t\t\t\t<\/h4>\n\t\t\n\t\t\t\t\t<div class=\"text\">Nous pensons qu'un environnement de collaboration, de soutien et de travail d'\u00e9quipe est essentiel pour r\u00e9ussir.<\/div>\t\t\n\t\t\n\t\t\t\n\t\t\n\t<\/div>\n<\/div>\n\t<\/div>\n\n\t\n<\/div>\n<div class=\"tm-box-icon  align-left style-02 tm-animation move-up\" id=\"tm-box-icon-6a07201f58f61\">\n\t\n\t\n\t<div class=\"content-wrap\">\n\t\t\n\n<div class=\"content-inner\">\n\t\n\t<div class=\"content\">\n\t\t\t\t\t<h4 class=\"heading\">\n\t\t\t\t\n\t\t\t\t\tL'Innovation ax\u00e9e sur le client\n\t\t\t\t\t\t\t\t<\/h4>\n\t\t\n\t\t\t\t\t<div class=\"text\">Nous appr\u00e9cions l'ing\u00e9niosit\u00e9 et la pens\u00e9e originale et nous pensons que nos clients doivent nous tenir en haute estime pour la qualit\u00e9 de nos produits, de nos op\u00e9rations et de nos collaborateurs.<\/div>\t\t\n\t\t\n\t\t\t\n\t\t\n\t<\/div>\n<\/div>\n\t<\/div>\n\n\t\n<\/div>\n<div class=\"tm-box-icon  align-left style-02 tm-animation move-up\" id=\"tm-box-icon-6a07201f591c1\">\n\t\n\t\n\t<div class=\"content-wrap\">\n\t\t\n\n<div class=\"content-inner\">\n\t\n\t<div class=\"content\">\n\t\t\t\t\t<h4 class=\"heading\">\n\t\t\t\t\n\t\t\t\t\tD\u00e9mocratiser l'IA\n\t\t\t\t\t\t\t\t<\/h4>\n\t\t\n\t\t\t\t\t<div class=\"text\">Nous sommes engag\u00e9s \u00e0 faire b\u00e9n\u00e9ficier la soci\u00e9t\u00e9 des avantages de l'intelligence artificielle de mani\u00e8re responsable.<\/div>\t\t\n\t\t\n\t\t\t\n\t\t\n\t<\/div>\n<\/div>\n\t<\/div>\n\n\t\n<\/div>\n\t<\/div>\n\n<\/div>\n\n\n<\/div><\/div><\/div><\/div><div class=\"vc_row-full-width vc_clearfix\"><\/div><div id=\"tm-row-6a07201f594a2\" data-vc-full-width=\"true\" data-vc-full-width-init=\"false\" class=\"vc_row vc_row-outer vc_row-fluid\"><div class=\"wavify-wrapper\">\t\t\t<svg width=\"100%\" height=\"100%\" version=\"1.1\" xmlns=\"https:\/\/www.w3.org\/2000\/svg\" class=\"wavify-item\"\n\t\t\t\t\t\t\t\t\tdata-wavify-height=\"140\"\n\t\t\t\t\n\t\t\t\t\t\t\t\t\tdata-wavify-background=\"rgba(255,255,255,0.5)\"\n\t\t\t\t\n\t\t\t\t\t\t\t\t\tdata-wavify-amplitude=\"80\"\n\t\t\t\t\n\t\t\t\t\t\t\t\t\tdata-wavify-bones=\"4\"\n\t\t\t\t\t\t\t>\n\t\t\t\t<title>Wave<\/title>\n\t\t\t\t<defs><\/defs>\n\t\t\t\t<path d=\"\"\/>\n\t\t\t<\/svg>\n\t\t\t\t\t\t<svg width=\"100%\" height=\"100%\" version=\"1.1\" xmlns=\"https:\/\/www.w3.org\/2000\/svg\" class=\"wavify-item\"\n\t\t\t\t\t\t\t\t\tdata-wavify-height=\"140\"\n\t\t\t\t\n\t\t\t\t\t\t\t\t\tdata-wavify-background=\"#ffffff\"\n\t\t\t\t\n\t\t\t\t\t\t\t\t\tdata-wavify-amplitude=\"80\"\n\t\t\t\t\n\t\t\t\t\t\t\t\t\tdata-wavify-bones=\"3\"\n\t\t\t\t\t\t\t>\n\t\t\t\t<title>Wave<\/title>\n\t\t\t\t<defs><\/defs>\n\t\t\t\t<path d=\"\"\/>\n\t\t\t<\/svg>\n\t\t\t<\/div><div id=\"tm-column-6a07201f595b2\" class=\"wpb_column vc_column_container vc_col-sm-12\"><div class=\"vc_column-inner\"><div class=\"wpb_wrapper\"><div class=\"tm-spacer\" id=\"tm-spacer-6a07201f5967a\"><\/div>\n<\/div><\/div><\/div><\/div><div class=\"vc_row-full-width vc_clearfix\"><\/div><\/section><div class=\"vc_row-full-width vc_clearfix\"><\/div><div id=\"tm-row-6a07201f59736\" data-vc-full-width=\"true\" data-vc-full-width-init=\"false\" class=\"vc_row vc_row-outer vc_row-fluid\"><div id=\"tm-column-6a07201f59898\" class=\"wpb_column vc_column_container vc_col-sm-12\"><div class=\"vc_column-inner\"><div class=\"wpb_wrapper\"><\/div><\/div><\/div><\/div><div class=\"vc_row-full-width vc_clearfix\"><\/div><div id=\"tm-row-6a07201f59a0c\" data-vc-full-width=\"true\" data-vc-full-width-init=\"false\" class=\"vc_row vc_row-outer vc_row-fluid vc_row-o-content-middle vc_row-flex\"><div id=\"tm-column-6a07201f59b25\" class=\"wpb_column vc_column_container vc_col-sm-6\"><div class=\"vc_column-inner\"><div class=\"wpb_wrapper\">\n<div class=\"tm-heading  left tm-animation move-up\" id=\"tm-heading-6a07201f59c58\">\n\t<h3 class=\"heading translation-block\" style=\"\">Am\u00e9liorez vos appareils avec le moteur d'IA vocale hors ligne, robuste et multilingue de Fluent.ai.<\/h3><\/div>\n\n<div class=\"tm-spacer\" id=\"tm-spacer-6a07201f59e6f\"><\/div>\n<div class=\"tm-button-wrapper  tm-animation move-up\" id=\"tm-button-6a07201f59f41\">\n\t\t<a class=\"tm-button style-solid tm-button-nm tm-button-custom tm-button-icon-move\" href=\"\/fr\/contact\/\"\n\t\t\t>\n\n\t\t\n\t\t\t\t\t\t<span class=\"button-text\" data-text=\"Get started\">\n\t\t\t\tCommencer\t\t\t<\/span>\n\t\t\t\n\t\t\t\n\t\t\n\n\t<\/a>\n<\/div>\n<div class=\"tm-spacer\" id=\"tm-spacer-6a07201f5a2d7\"><\/div>\n<\/div><\/div><\/div><div id=\"tm-column-6a07201f5a355\" class=\"wpb_column vc_column_container vc_col-sm-6\"><div class=\"vc_column-inner\"><div class=\"wpb_wrapper\"><div class=\"tm-image  tm-animation move-up\" id=\"tm-image-6a07201f5a49a\">\n\t\t\t<div class=\"image\"><img decoding=\"async\" src=\"https:\/\/fluent.ai\/wp-content\/uploads\/2019\/11\/cta2.png\" alt=\"cta2\" \/><\/div>\t<\/div>\n<\/div><\/div><\/div><\/div><div class=\"vc_row-full-width vc_clearfix\"><\/div>","protected":false},"excerpt":{"rendered":"Careers Help build the future of speech recognition AI. Join our team! About Fluent.ai Fluent.ai was founded in 2015 after nearly a decade of research in voice recognition. We are a global team with headquarters in Montreal, Canada. At Fluent.ai, you\u2019ll be joining a diverse team that values innovation, creativity, hard work, fun, and an open, collaborative work environment. Want to join our diverse team? Visit our LinkedIn page to view open positions. Get started This is what we stand for Respect &amp; Integrity We believe that people are at the heart of our competitive advantage and value diversity as a source of strength and learning. Teamwork &amp; Collaboration We believe that an environment of collaboration, support and teamwork is critical to achieving success. Customer-Focused Innovation We value ingenuity and original thinking and we believe our customers should hold us in the highest regard for the quality of our products, operations, and people. Democratizing AI We are committed to responsibly bringing the benefits of artificial intelligence to society. Wave Wave Enhance your devices with Fluent.ai's offline, robust and multilingual voice AI engine Get started","protected":false},"author":1,"featured_media":0,"parent":0,"menu_order":0,"comment_status":"closed","ping_status":"closed","template":"","meta":{"content-type":"","footnotes":""},"class_list":["post-5298","page","type-page","status-publish","hentry","post-no-thumbnail"],"yoast_head":"<!-- This site is optimized with the Yoast SEO plugin v27.6 - https:\/\/yoast.com\/product\/yoast-seo-wordpress\/ -->\n<title>Careers - Fluent.ai<\/title>\n<meta name=\"robots\" content=\"index, follow, max-snippet:-1, max-image-preview:large, max-video-preview:-1\" \/>\n<link rel=\"canonical\" href=\"https:\/\/fluent.ai\/fr\/careers\/\" \/>\n<meta property=\"og:locale\" content=\"fr_CA\" \/>\n<meta property=\"og:type\" content=\"article\" \/>\n<meta property=\"og:title\" content=\"Careers - Fluent.ai\" \/>\n<meta property=\"og:url\" content=\"https:\/\/fluent.ai\/fr\/careers\/\" \/>\n<meta property=\"og:site_name\" content=\"Fluent.ai\" \/>\n<meta property=\"article:modified_time\" content=\"2021-09-24T17:45:07+00:00\" \/>\n<meta name=\"twitter:card\" content=\"summary_large_image\" \/>\n<meta name=\"twitter:site\" content=\"@FluentAI\" \/>\n<meta name=\"twitter:label1\" content=\"Estimation du temps de lecture\" \/>\n\t<meta name=\"twitter:data1\" content=\"6 minutes\" \/>\n<script type=\"application\/ld+json\" class=\"yoast-schema-graph\">{\"@context\":\"https:\\\/\\\/schema.org\",\"@graph\":[{\"@type\":\"WebPage\",\"@id\":\"https:\\\/\\\/fluent.ai\\\/careers\\\/\",\"url\":\"https:\\\/\\\/fluent.ai\\\/careers\\\/\",\"name\":\"Careers - Fluent.ai\",\"isPartOf\":{\"@id\":\"https:\\\/\\\/fluent.ai\\\/#website\"},\"datePublished\":\"2020-01-02T05:25:32+00:00\",\"dateModified\":\"2021-09-24T17:45:07+00:00\",\"breadcrumb\":{\"@id\":\"https:\\\/\\\/fluent.ai\\\/careers\\\/#breadcrumb\"},\"inLanguage\":\"fr-CA\",\"potentialAction\":[{\"@type\":\"ReadAction\",\"target\":[\"https:\\\/\\\/fluent.ai\\\/careers\\\/\"]}]},{\"@type\":\"BreadcrumbList\",\"@id\":\"https:\\\/\\\/fluent.ai\\\/careers\\\/#breadcrumb\",\"itemListElement\":[{\"@type\":\"ListItem\",\"position\":1,\"name\":\"Home\",\"item\":\"https:\\\/\\\/fluent.ai\\\/fr\\\/\"},{\"@type\":\"ListItem\",\"position\":2,\"name\":\"Careers\"}]},{\"@type\":\"WebSite\",\"@id\":\"https:\\\/\\\/fluent.ai\\\/#website\",\"url\":\"https:\\\/\\\/fluent.ai\\\/\",\"name\":\"Fluent.ai\",\"description\":\"Voice Enabling The World&#039;s Devices\",\"potentialAction\":[{\"@type\":\"SearchAction\",\"target\":{\"@type\":\"EntryPoint\",\"urlTemplate\":\"https:\\\/\\\/fluent.ai\\\/?s={search_term_string}\"},\"query-input\":{\"@type\":\"PropertyValueSpecification\",\"valueRequired\":true,\"valueName\":\"search_term_string\"}}],\"inLanguage\":\"fr-CA\"}]}<\/script>\n<!-- \/ Yoast SEO plugin. -->","yoast_head_json":{"title":"Careers - Fluent.ai","robots":{"index":"index","follow":"follow","max-snippet":"max-snippet:-1","max-image-preview":"max-image-preview:large","max-video-preview":"max-video-preview:-1"},"canonical":"https:\/\/fluent.ai\/fr\/careers\/","og_locale":"fr_CA","og_type":"article","og_title":"Careers - Fluent.ai","og_url":"https:\/\/fluent.ai\/fr\/careers\/","og_site_name":"Fluent.ai","article_modified_time":"2021-09-24T17:45:07+00:00","twitter_card":"summary_large_image","twitter_site":"@FluentAI","twitter_misc":{"Estimation du temps de lecture":"6 minutes"},"schema":{"@context":"https:\/\/schema.org","@graph":[{"@type":"WebPage","@id":"https:\/\/fluent.ai\/careers\/","url":"https:\/\/fluent.ai\/careers\/","name":"Careers - Fluent.ai","isPartOf":{"@id":"https:\/\/fluent.ai\/#website"},"datePublished":"2020-01-02T05:25:32+00:00","dateModified":"2021-09-24T17:45:07+00:00","breadcrumb":{"@id":"https:\/\/fluent.ai\/careers\/#breadcrumb"},"inLanguage":"fr-CA","potentialAction":[{"@type":"ReadAction","target":["https:\/\/fluent.ai\/careers\/"]}]},{"@type":"BreadcrumbList","@id":"https:\/\/fluent.ai\/careers\/#breadcrumb","itemListElement":[{"@type":"ListItem","position":1,"name":"Home","item":"https:\/\/fluent.ai\/fr\/"},{"@type":"ListItem","position":2,"name":"Careers"}]},{"@type":"WebSite","@id":"https:\/\/fluent.ai\/#website","url":"https:\/\/fluent.ai\/","name":"Fluent.ai","description":"Voice Enabling The World&#039;s Devices","potentialAction":[{"@type":"SearchAction","target":{"@type":"EntryPoint","urlTemplate":"https:\/\/fluent.ai\/?s={search_term_string}"},"query-input":{"@type":"PropertyValueSpecification","valueRequired":true,"valueName":"search_term_string"}}],"inLanguage":"fr-CA"}]}},"_links":{"self":[{"href":"https:\/\/fluent.ai\/fr\/wp-json\/wp\/v2\/pages\/5298","targetHints":{"allow":["GET"]}}],"collection":[{"href":"https:\/\/fluent.ai\/fr\/wp-json\/wp\/v2\/pages"}],"about":[{"href":"https:\/\/fluent.ai\/fr\/wp-json\/wp\/v2\/types\/page"}],"author":[{"embeddable":true,"href":"https:\/\/fluent.ai\/fr\/wp-json\/wp\/v2\/users\/1"}],"replies":[{"embeddable":true,"href":"https:\/\/fluent.ai\/fr\/wp-json\/wp\/v2\/comments?post=5298"}],"version-history":[{"count":0,"href":"https:\/\/fluent.ai\/fr\/wp-json\/wp\/v2\/pages\/5298\/revisions"}],"wp:attachment":[{"href":"https:\/\/fluent.ai\/fr\/wp-json\/wp\/v2\/media?parent=5298"}],"curies":[{"name":"wp","href":"https:\/\/api.w.org\/{rel}","templated":true}]}}