{"id":5004,"date":"2019-11-11T07:38:27","date_gmt":"2019-11-11T07:38:27","guid":{"rendered":"http:\/\/20.186.34.190\/wakeword-copy\/"},"modified":"2021-08-04T17:57:49","modified_gmt":"2021-08-04T17:57:49","slug":"products","status":"publish","type":"page","link":"https:\/\/fluent.ai\/fr\/products\/","title":{"rendered":"Produits"},"content":{"rendered":"<section id=\"tm-section-6a049448572a3\" data-vc-full-width=\"true\" data-vc-full-width-init=\"false\" class=\"vc_section\"><div id=\"tm-row-6a0494485799b\" class=\"vc_row vc_row-outer vc_row-fluid vc_row-o-content-middle vc_row-flex\"><div id=\"tm-column-6a04944857c44\" class=\"wpb_column vc_column_container vc_col-sm-2\/5\"><div class=\"vc_column-inner\"><div class=\"wpb_wrapper\">\n<div class=\"tm-heading  left tm-animation move-up\" id=\"tm-heading-6a04944857e7a\">\n\t<h1 class=\"heading\" style=\"\">Produits<\/h1><\/div>\n\n<div class=\"tm-spacer\" id=\"tm-spacer-6a0494485820a\"><\/div>\n\n<div class=\"tm-heading  left tm-animation move-up\" id=\"tm-heading-6a04944858305\">\n\t<h4 class=\"heading\" style=\"\">Fluent.ai est un leader en mati\u00e8re de compr\u00e9hension de la parole et de solutions d'interface utilisateur vocale.<\/h4><\/div>\n\n<\/div><\/div><\/div><div id=\"tm-column-6a0494485862a\" class=\"wpb_column vc_column_container vc_col-sm-3\/5\"><div class=\"vc_column-inner\"><div class=\"wpb_wrapper\"><div class=\"tm-spacer\" id=\"tm-spacer-6a04944858812\"><\/div>\n<div class=\"tm-image  tm-animation move-up\" id=\"tm-image-6a049448588a6\">\n\t\t\t<div class=\"image\"><img decoding=\"async\" src=\"https:\/\/fluent.ai\/wp-content\/uploads\/2021\/08\/Product.png\" alt=\"Product\" \/><\/div>\t<\/div>\n<\/div><\/div><\/div><\/div><\/section><div class=\"vc_row-full-width vc_clearfix\"><\/div><div id=\"tm-row-6a04944858fe3\" data-vc-full-width=\"true\" data-vc-full-width-init=\"false\" class=\"vc_row vc_row-outer vc_row-fluid vc_row-o-content-middle vc_row-flex\"><div id=\"tm-column-6a049448592d9\" class=\"wpb_column vc_column_container vc_col-sm-5\"><div class=\"vc_column-inner\"><div class=\"wpb_wrapper\"><div class=\"tm-image  tm-animation move-up\" id=\"tm-image-6a049448594ab\">\n\t\t\t<div class=\"image\"><img decoding=\"async\" src=\"https:\/\/fluent.ai\/wp-content\/uploads\/2019\/11\/6.jpg\" alt=\"6\" \/><\/div>\t<\/div>\n<div class=\"tm-image  tm-animation move-up\" id=\"tm-image-6a049448598c1\">\n\t\t\t<div class=\"image\"><img decoding=\"async\" src=\"https:\/\/fluent.ai\/wp-content\/uploads\/2021\/07\/wakeword.png\" alt=\"wakeword\" \/><\/div>\t<\/div>\n\n<div class=\"tm-heading  left tm-animation move-up\" id=\"tm-heading-6a0494485a10d\">\n\t<h4 class=\"heading\" style=\"\">R\u00e9veillez votre appareil \u00e0 commande vocale avec l'une de nos quatre solutions de rep\u00e9rage de mots-cl\u00e9s \u00e0 faible consommation d'\u00e9nergie qui battent les syst\u00e8mes de pointe.<\/h4><\/div>\n\n<div class=\"tm-spacer\" id=\"tm-spacer-6a0494485a4fb\"><\/div>\n\n<div class=\"tm-heading  left tm-animation move-up\" id=\"tm-heading-6a0494485a5bd\">\n\t<h4 class=\"heading\" style=\"\">Minimum System Requirements<\/h4><\/div>\n\n<div class=\"tm-spacer\" id=\"tm-spacer-6a0494485a8dc\"><\/div>\n\n\n\t<div class=\"tm-list  style-check tm-animation move-up\" id=\"tm-list-6a0494485a9eb\">\n\t\t\t\t\t<div class=\"list-item\">\n\n\t\t\t\t<div class=\"list-header\">\n\t\t\t\t\t<div class=\"marker\">\n\n\t\t\t\t\t\t\n\t\t\t\t\t<\/div>\n\n\t\t\t\t\t<div class=\"title-wrap\">\n\t\t\t\t\t\t\t\t\t\t\t\t\t<h6 class=\"title\">\n\t\t\t\t\t\t\t\t\t\t\t\t\t\t\t\t\tRAM\n\t\t\t\t\t\t\t\t\t\t\t\t\t\t\t\t\t\t\t<span\n\t\t\t\t\t\t\t\t\t\t\tclass=\"sub-title\">&nbsp;&nbsp;&nbsp;&nbsp;&nbsp;&nbsp;&nbsp;&nbsp;&nbsp;&nbsp;&nbsp;&nbsp;&nbsp;&nbsp;&nbsp;&nbsp;&nbsp;&nbsp;&nbsp;&nbsp;&nbsp;&nbsp;&nbsp; 90 KB<\/span>\n\t\t\t\t\t\t\t\t\t\n\t\t\t\t\t\t\t\t\t\t\t\t\t\t\t\t<\/h6>\n\t\t\t\t\t\t\n\t\t\t\t\t\t\t\t\t\t\t\t\t\t\t\t\t\t\t\t\t\t\t\t<\/div>\n\t\t\t\t<\/div>\n\n\t\t\t\t\n\t\t\t<\/div>\n\t\t\t\t\t<div class=\"list-item\">\n\n\t\t\t\t<div class=\"list-header\">\n\t\t\t\t\t<div class=\"marker\">\n\n\t\t\t\t\t\t\n\t\t\t\t\t<\/div>\n\n\t\t\t\t\t<div class=\"title-wrap\">\n\t\t\t\t\t\t\t\t\t\t\t\t\t<h6 class=\"title\">\n\t\t\t\t\t\t\t\t\t\t\t\t\t\t\t\t\tFlash Storage\n\t\t\t\t\t\t\t\t\t\t\t\t\t\t\t\t\t\t\t<span\n\t\t\t\t\t\t\t\t\t\t\tclass=\"sub-title\">&nbsp;&nbsp;&nbsp;&nbsp;&nbsp; 301 KB<\/span>\n\t\t\t\t\t\t\t\t\t\n\t\t\t\t\t\t\t\t\t\t\t\t\t\t\t\t<\/h6>\n\t\t\t\t\t\t\n\t\t\t\t\t\t\t\t\t\t\t\t\t\t\t\t\t\t\t\t\t\t\t\t<\/div>\n\t\t\t\t<\/div>\n\n\t\t\t\t\n\t\t\t<\/div>\n\t\t\t\t\t<div class=\"list-item\">\n\n\t\t\t\t<div class=\"list-header\">\n\t\t\t\t\t<div class=\"marker\">\n\n\t\t\t\t\t\t\n\t\t\t\t\t<\/div>\n\n\t\t\t\t\t<div class=\"title-wrap\">\n\t\t\t\t\t\t\t\t\t\t\t\t\t<h6 class=\"title\">\n\t\t\t\t\t\t\t\t\t\t\t\t\t\t\t\t\tCPU\n\t\t\t\t\t\t\t\t\t\t\t\t\t\t\t\t\t\t\t<span\n\t\t\t\t\t\t\t\t\t\t\tclass=\"sub-title\">&nbsp;&nbsp;&nbsp;&nbsp;&nbsp;&nbsp;&nbsp;&nbsp;&nbsp;&nbsp;&nbsp;&nbsp;&nbsp;&nbsp;&nbsp;&nbsp;&nbsp;&nbsp;&nbsp;&nbsp;&nbsp;&nbsp;&nbsp; 58 MHz<\/span>\n\t\t\t\t\t\t\t\t\t\n\t\t\t\t\t\t\t\t\t\t\t\t\t\t\t\t<\/h6>\n\t\t\t\t\t\t\n\t\t\t\t\t\t\t\t\t\t\t\t\t\t\t\t\t\t\t\t\t\t\t\t<\/div>\n\t\t\t\t<\/div>\n\n\t\t\t\t\n\t\t\t<\/div>\n\t\t\t<\/div>\n\n\t<div class=\"tm-spacer\" id=\"tm-spacer-6a0494485ad76\"><\/div>\n<div class=\"tm-button-wrapper  tm-animation move-up\" id=\"tm-button-6a0494485aef3\">\n\t\t<a class=\"tm-button style-solid tm-button-nm tm-button-custom tm-button-icon-move\" href=\"http:\/\/52.205.12.186\/products\/wakeword\/\"\n\t\t\t>\n\n\t\t\n\t\t\t\t\t\t<span class=\"button-text\" data-text=\"Learn More\">\n\t\t\t\tEn savoir plus\t\t\t<\/span>\n\t\t\t\n\t\t\t\n\t\t\n\n\t<\/a>\n<\/div>\n<\/div><\/div><\/div><div id=\"tm-column-6a0494485b4ba\" class=\"wpb_column vc_column_container vc_col-sm-7\"><div class=\"vc_column-inner\"><div class=\"wpb_wrapper\"><div class=\"tm-image  a tm-animation move-up\" id=\"tm-image-6a0494485b658\">\n\t\t\t<div class=\"image\"><img decoding=\"async\" src=\"https:\/\/fluent.ai\/wp-content\/uploads\/2020\/01\/Untitled-2.gif\" alt=\"Untitled-2\" \/><\/div>\t<\/div>\n<\/div><\/div><\/div><div id=\"tm-column-6a0494485bbd0\" class=\"wpb_column vc_column_container vc_col-sm-12\"><div class=\"vc_column-inner\"><div class=\"wpb_wrapper\"><div class=\"tm-spacer\" id=\"tm-spacer-6a0494485bce3\"><\/div>\n\n<div class=\"tm-heading  left tm-animation move-up\" id=\"tm-heading-6a0494485bdbd\">\n\t<h4 class=\"heading\" style=\"\"><strong>Reconnaissance du locuteur:<\/strong> Fluent.ai propose des solutions de pointe pour la reconnaissance du locuteur ainsi que la reconnaissance du mot de r\u00e9veil pour les appareils personnels. Avec la reconnaissance du locuteur, l'appareil est capable de reconna\u00eetre un utilisateur parmi d'autres dans des sc\u00e9narios d'utilisation partag\u00e9e et de r\u00e9pondre selon les pr\u00e9f\u00e9rences personnelles de l'utilisateur.<\/h4><\/div>\n\n<\/div><\/div><\/div><\/div><div class=\"vc_row-full-width vc_clearfix\"><\/div><section id=\"tm-section-6a0494485c1b4\" data-vc-full-width=\"true\" data-vc-full-width-init=\"false\" class=\"vc_section\"><div id=\"tm-row-6a0494485d0e3\" data-vc-full-width=\"true\" data-vc-full-width-init=\"false\" class=\"vc_row vc_row-outer vc_row-fluid reverse vc_row-has-separator vc_row-o-content-middle vc_row-flex\"><div id=\"tm-column-6a0494485d499\" class=\"wpb_column vc_column_container vc_col-sm-7\"><div class=\"vc_column-inner\"><div class=\"wpb_wrapper\"><div class=\"tm-image  a tm-animation move-up\" id=\"tm-image-6a0494485d5f6\">\n\t\t\t<div class=\"image\"><img decoding=\"async\" src=\"https:\/\/fluent.ai\/wp-content\/uploads\/2020\/01\/Untitled-1-2.gif\" alt=\"Untitled-1\" \/><\/div>\t<\/div>\n<div class=\"tm-spacer\" id=\"tm-spacer-6a0494485dbd2\"><\/div>\n<\/div><\/div><\/div><div id=\"tm-column-6a0494485dc93\" class=\"wpb_column vc_column_container vc_col-sm-5\"><div class=\"vc_column-inner\"><div class=\"wpb_wrapper\"><div class=\"tm-image  tm-animation move-up\" id=\"tm-image-6a0494485dea2\">\n\t\t\t<div class=\"image\"><img decoding=\"async\" src=\"https:\/\/fluent.ai\/wp-content\/uploads\/2019\/11\/60-1.jpg\" alt=\"60\" \/><\/div>\t<\/div>\n<div class=\"tm-image  tm-animation move-up\" id=\"tm-image-6a0494485e356\">\n\t\t\t<div class=\"image\"><img decoding=\"async\" src=\"https:\/\/fluent.ai\/wp-content\/uploads\/2021\/07\/ai2.png\" alt=\"ai2\" \/><\/div>\t<\/div>\n\n<div class=\"tm-heading  left tm-animation move-up\" id=\"tm-heading-6a0494485f0ff\">\n\t<h4 class=\"heading\" style=\"\">Le premier syst\u00e8me de compr\u00e9hension directe de la parole \u00e0 l'intention au monde : une compr\u00e9hension de la parole plus rapide, plus souple et plus pr\u00e9cise que les technologies conventionnelles.<\/h4><\/div>\n\n<div class=\"tm-spacer\" id=\"tm-spacer-6a0494485f60c\"><\/div>\n\n<div class=\"tm-heading  left tm-animation move-up\" id=\"tm-heading-6a0494485f6fc\">\n\t<h4 class=\"heading\" style=\"\">Minimum System Requirements<\/h4><\/div>\n\n<div class=\"tm-spacer\" id=\"tm-spacer-6a0494485fa00\"><\/div>\n\n\n\t<div class=\"tm-list  style-check tm-animation move-up\" id=\"tm-list-6a0494485faaa\">\n\t\t\t\t\t<div class=\"list-item\">\n\n\t\t\t\t<div class=\"list-header\">\n\t\t\t\t\t<div class=\"marker\">\n\n\t\t\t\t\t\t\n\t\t\t\t\t<\/div>\n\n\t\t\t\t\t<div class=\"title-wrap\">\n\t\t\t\t\t\t\t\t\t\t\t\t\t<h6 class=\"title\">\n\t\t\t\t\t\t\t\t\t\t\t\t\t\t\t\t\tRAM\n\t\t\t\t\t\t\t\t\t\t\t\t\t\t\t\t\t\t\t<span\n\t\t\t\t\t\t\t\t\t\t\tclass=\"sub-title\">&nbsp;&nbsp;&nbsp;&nbsp;&nbsp;&nbsp;&nbsp;&nbsp;&nbsp;&nbsp;&nbsp;&nbsp;&nbsp;&nbsp;&nbsp;&nbsp;&nbsp;&nbsp;&nbsp;&nbsp;&nbsp;&nbsp;&nbsp; 99 KB<\/span>\n\t\t\t\t\t\t\t\t\t\n\t\t\t\t\t\t\t\t\t\t\t\t\t\t\t\t<\/h6>\n\t\t\t\t\t\t\n\t\t\t\t\t\t\t\t\t\t\t\t\t\t\t\t\t\t\t\t\t\t\t\t<\/div>\n\t\t\t\t<\/div>\n\n\t\t\t\t\n\t\t\t<\/div>\n\t\t\t\t\t<div class=\"list-item\">\n\n\t\t\t\t<div class=\"list-header\">\n\t\t\t\t\t<div class=\"marker\">\n\n\t\t\t\t\t\t\n\t\t\t\t\t<\/div>\n\n\t\t\t\t\t<div class=\"title-wrap\">\n\t\t\t\t\t\t\t\t\t\t\t\t\t<h6 class=\"title\">\n\t\t\t\t\t\t\t\t\t\t\t\t\t\t\t\t\tFlash Storage\n\t\t\t\t\t\t\t\t\t\t\t\t\t\t\t\t\t\t\t<span\n\t\t\t\t\t\t\t\t\t\t\tclass=\"sub-title\">&nbsp;&nbsp;&nbsp;&nbsp;&nbsp; 801 KB<\/span>\n\t\t\t\t\t\t\t\t\t\n\t\t\t\t\t\t\t\t\t\t\t\t\t\t\t\t<\/h6>\n\t\t\t\t\t\t\n\t\t\t\t\t\t\t\t\t\t\t\t\t\t\t\t\t\t\t\t\t\t\t\t<\/div>\n\t\t\t\t<\/div>\n\n\t\t\t\t\n\t\t\t<\/div>\n\t\t\t\t\t<div class=\"list-item\">\n\n\t\t\t\t<div class=\"list-header\">\n\t\t\t\t\t<div class=\"marker\">\n\n\t\t\t\t\t\t\n\t\t\t\t\t<\/div>\n\n\t\t\t\t\t<div class=\"title-wrap\">\n\t\t\t\t\t\t\t\t\t\t\t\t\t<h6 class=\"title\">\n\t\t\t\t\t\t\t\t\t\t\t\t\t\t\t\t\tCPU\n\t\t\t\t\t\t\t\t\t\t\t\t\t\t\t\t\t\t\t<span\n\t\t\t\t\t\t\t\t\t\t\tclass=\"sub-title\">&nbsp;&nbsp;&nbsp;&nbsp;&nbsp;&nbsp;&nbsp;&nbsp;&nbsp;&nbsp;&nbsp;&nbsp;&nbsp;&nbsp;&nbsp;&nbsp;&nbsp;&nbsp;&nbsp;&nbsp;&nbsp;&nbsp;&nbsp; 58 MHz<\/span>\n\t\t\t\t\t\t\t\t\t\n\t\t\t\t\t\t\t\t\t\t\t\t\t\t\t\t<\/h6>\n\t\t\t\t\t\t\n\t\t\t\t\t\t\t\t\t\t\t\t\t\t\t\t\t\t\t\t\t\t\t\t<\/div>\n\t\t\t\t<\/div>\n\n\t\t\t\t\n\t\t\t<\/div>\n\t\t\t<\/div>\n\n\t<div class=\"tm-spacer\" id=\"tm-spacer-6a0494485fe0a\"><\/div>\n<div class=\"tm-button-wrapper  tm-animation move-up\" id=\"tm-button-6a0494485ff0e\">\n\t\t<a class=\"tm-button style-solid tm-button-nm tm-button-custom tm-button-icon-move\" href=\"http:\/\/52.205.12.186\/products\/air\/\"\n\t\t\t>\n\n\t\t\n\t\t\t\t\t\t<span class=\"button-text\" data-text=\"Learn More\">\n\t\t\t\tEn savoir plus\t\t\t<\/span>\n\t\t\t\n\t\t\t\n\t\t\n\n\t<\/a>\n<\/div>\n<div class=\"tm-spacer\" id=\"tm-spacer-6a04944860443\"><\/div>\n<\/div><\/div><\/div><div class=\"vc_row-separator tilt_left bottom\"><svg xmlns=\"https:\/\/www.w3.org\/2000\/svg\" version=\"1.1\" viewbox=\"0 0 4 0.266661\" preserveaspectratio=\"none\"><polygon class=\"fil0\" points=\"4,0 4,0.266661 -0,0.266661 \"\/><\/svg><\/div><\/div><div class=\"vc_row-full-width vc_clearfix\"><\/div><\/section><div class=\"vc_row-full-width vc_clearfix\"><\/div>","protected":false},"excerpt":{"rendered":"Our Products Fluent.ai is a leader in speech understanding and voice user interface solutions. Wake up your voice-enabled device with one of our four low power keyword spotting solutions that beat the state of the art systems. Minimum System Requirements RAM &nbsp;&nbsp;&nbsp;&nbsp;&nbsp;&nbsp;&nbsp;&nbsp;&nbsp;&nbsp;&nbsp;&nbsp;&nbsp;&nbsp;&nbsp;&nbsp;&nbsp;&nbsp;&nbsp;&nbsp;&nbsp;&nbsp;&nbsp; 90 KB Flash Storage &nbsp;&nbsp;&nbsp;&nbsp;&nbsp; 301 KB CPU &nbsp;&nbsp;&nbsp;&nbsp;&nbsp;&nbsp;&nbsp;&nbsp;&nbsp;&nbsp;&nbsp;&nbsp;&nbsp;&nbsp;&nbsp;&nbsp;&nbsp;&nbsp;&nbsp;&nbsp;&nbsp;&nbsp;&nbsp; 58 MHz Learn More Speaker Recognition: Fluent.ai offers industry-leading solutions for speaker recognition along with wake word recognition for personal devices. With Fluent Speaker Recognition, the device is able to recognize one among many users in shared usage scenarios and respond as per a user's personal preferences. World\u2019s first direct speech-to-intent spoken language understanding (SLU) system: faster, more flexible and more accurate speech understanding than conventional technologies. Minimum System Requirements RAM &nbsp;&nbsp;&nbsp;&nbsp;&nbsp;&nbsp;&nbsp;&nbsp;&nbsp;&nbsp;&nbsp;&nbsp;&nbsp;&nbsp;&nbsp;&nbsp;&nbsp;&nbsp;&nbsp;&nbsp;&nbsp;&nbsp;&nbsp; 99 KB Flash Storage &nbsp;&nbsp;&nbsp;&nbsp;&nbsp; 801 KB CPU &nbsp;&nbsp;&nbsp;&nbsp;&nbsp;&nbsp;&nbsp;&nbsp;&nbsp;&nbsp;&nbsp;&nbsp;&nbsp;&nbsp;&nbsp;&nbsp;&nbsp;&nbsp;&nbsp;&nbsp;&nbsp;&nbsp;&nbsp; 58 MHz Learn More","protected":false},"author":1,"featured_media":0,"parent":0,"menu_order":0,"comment_status":"closed","ping_status":"closed","template":"","meta":{"content-type":"","footnotes":""},"class_list":["post-5004","page","type-page","status-publish","hentry","post-no-thumbnail"],"yoast_head":"<!-- This site is optimized with the Yoast SEO plugin v27.6 - https:\/\/yoast.com\/product\/yoast-seo-wordpress\/ -->\n<title>Our Products - Fluent.ai<\/title>\n<meta name=\"robots\" content=\"index, follow, max-snippet:-1, max-image-preview:large, max-video-preview:-1\" \/>\n<link rel=\"canonical\" href=\"https:\/\/fluent.ai\/fr\/products\/\" \/>\n<meta property=\"og:locale\" content=\"fr_CA\" \/>\n<meta property=\"og:type\" content=\"article\" \/>\n<meta property=\"og:title\" content=\"Our Products - Fluent.ai\" \/>\n<meta property=\"og:url\" content=\"https:\/\/fluent.ai\/fr\/products\/\" \/>\n<meta property=\"og:site_name\" content=\"Fluent.ai\" \/>\n<meta property=\"article:modified_time\" content=\"2021-08-04T17:57:49+00:00\" \/>\n<meta name=\"twitter:card\" content=\"summary_large_image\" \/>\n<meta name=\"twitter:site\" content=\"@FluentAI\" \/>\n<meta name=\"twitter:label1\" content=\"Estimation du temps de lecture\" \/>\n\t<meta name=\"twitter:data1\" content=\"9 minutes\" \/>\n<script type=\"application\/ld+json\" class=\"yoast-schema-graph\">{\"@context\":\"https:\\\/\\\/schema.org\",\"@graph\":[{\"@type\":\"WebPage\",\"@id\":\"https:\\\/\\\/fluent.ai\\\/products\\\/\",\"url\":\"https:\\\/\\\/fluent.ai\\\/products\\\/\",\"name\":\"Our Products - Fluent.ai\",\"isPartOf\":{\"@id\":\"https:\\\/\\\/fluent.ai\\\/#website\"},\"datePublished\":\"2019-11-11T07:38:27+00:00\",\"dateModified\":\"2021-08-04T17:57:49+00:00\",\"breadcrumb\":{\"@id\":\"https:\\\/\\\/fluent.ai\\\/products\\\/#breadcrumb\"},\"inLanguage\":\"fr-CA\",\"potentialAction\":[{\"@type\":\"ReadAction\",\"target\":[\"https:\\\/\\\/fluent.ai\\\/products\\\/\"]}]},{\"@type\":\"BreadcrumbList\",\"@id\":\"https:\\\/\\\/fluent.ai\\\/products\\\/#breadcrumb\",\"itemListElement\":[{\"@type\":\"ListItem\",\"position\":1,\"name\":\"Home\",\"item\":\"https:\\\/\\\/fluent.ai\\\/fr\\\/\"},{\"@type\":\"ListItem\",\"position\":2,\"name\":\"Our Products\"}]},{\"@type\":\"WebSite\",\"@id\":\"https:\\\/\\\/fluent.ai\\\/#website\",\"url\":\"https:\\\/\\\/fluent.ai\\\/\",\"name\":\"Fluent.ai\",\"description\":\"Voice Enabling The World&#039;s Devices\",\"potentialAction\":[{\"@type\":\"SearchAction\",\"target\":{\"@type\":\"EntryPoint\",\"urlTemplate\":\"https:\\\/\\\/fluent.ai\\\/?s={search_term_string}\"},\"query-input\":{\"@type\":\"PropertyValueSpecification\",\"valueRequired\":true,\"valueName\":\"search_term_string\"}}],\"inLanguage\":\"fr-CA\"}]}<\/script>\n<!-- \/ Yoast SEO plugin. -->","yoast_head_json":{"title":"Our Products - Fluent.ai","robots":{"index":"index","follow":"follow","max-snippet":"max-snippet:-1","max-image-preview":"max-image-preview:large","max-video-preview":"max-video-preview:-1"},"canonical":"https:\/\/fluent.ai\/fr\/products\/","og_locale":"fr_CA","og_type":"article","og_title":"Our Products - Fluent.ai","og_url":"https:\/\/fluent.ai\/fr\/products\/","og_site_name":"Fluent.ai","article_modified_time":"2021-08-04T17:57:49+00:00","twitter_card":"summary_large_image","twitter_site":"@FluentAI","twitter_misc":{"Estimation du temps de lecture":"9 minutes"},"schema":{"@context":"https:\/\/schema.org","@graph":[{"@type":"WebPage","@id":"https:\/\/fluent.ai\/products\/","url":"https:\/\/fluent.ai\/products\/","name":"Our Products - Fluent.ai","isPartOf":{"@id":"https:\/\/fluent.ai\/#website"},"datePublished":"2019-11-11T07:38:27+00:00","dateModified":"2021-08-04T17:57:49+00:00","breadcrumb":{"@id":"https:\/\/fluent.ai\/products\/#breadcrumb"},"inLanguage":"fr-CA","potentialAction":[{"@type":"ReadAction","target":["https:\/\/fluent.ai\/products\/"]}]},{"@type":"BreadcrumbList","@id":"https:\/\/fluent.ai\/products\/#breadcrumb","itemListElement":[{"@type":"ListItem","position":1,"name":"Home","item":"https:\/\/fluent.ai\/fr\/"},{"@type":"ListItem","position":2,"name":"Our Products"}]},{"@type":"WebSite","@id":"https:\/\/fluent.ai\/#website","url":"https:\/\/fluent.ai\/","name":"Fluent.ai","description":"Voice Enabling The World&#039;s Devices","potentialAction":[{"@type":"SearchAction","target":{"@type":"EntryPoint","urlTemplate":"https:\/\/fluent.ai\/?s={search_term_string}"},"query-input":{"@type":"PropertyValueSpecification","valueRequired":true,"valueName":"search_term_string"}}],"inLanguage":"fr-CA"}]}},"_links":{"self":[{"href":"https:\/\/fluent.ai\/fr\/wp-json\/wp\/v2\/pages\/5004","targetHints":{"allow":["GET"]}}],"collection":[{"href":"https:\/\/fluent.ai\/fr\/wp-json\/wp\/v2\/pages"}],"about":[{"href":"https:\/\/fluent.ai\/fr\/wp-json\/wp\/v2\/types\/page"}],"author":[{"embeddable":true,"href":"https:\/\/fluent.ai\/fr\/wp-json\/wp\/v2\/users\/1"}],"replies":[{"embeddable":true,"href":"https:\/\/fluent.ai\/fr\/wp-json\/wp\/v2\/comments?post=5004"}],"version-history":[{"count":0,"href":"https:\/\/fluent.ai\/fr\/wp-json\/wp\/v2\/pages\/5004\/revisions"}],"wp:attachment":[{"href":"https:\/\/fluent.ai\/fr\/wp-json\/wp\/v2\/media?parent=5004"}],"curies":[{"name":"wp","href":"https:\/\/api.w.org\/{rel}","templated":true}]}}